{"id":87501,"date":"2023-09-26T11:48:09","date_gmt":"2023-09-26T08:48:09","guid":{"rendered":"https:\/\/baliwood.lt\/preke\/veidrodis-is-tikmedzio-2\/"},"modified":"2025-06-27T11:22:04","modified_gmt":"2025-06-27T08:22:04","slug":"teakwood-mirror-5","status":"publish","type":"product","link":"https:\/\/old.baliwood.lt\/en\/product\/teakwood-mirror-5\/","title":{"rendered":"Teakwood mirror"},"content":{"rendered":"","protected":false},"excerpt":{"rendered":"<p>Veidrodis i\u0161 balinto tikmed\u017eio<\/p>\n<p>I\u0161matavimai: L125 W75 cm<\/p>\n<p>Pirkdami \u0161i\u0105 prek\u0119 pasirinkite pristatym\u0105 \u2013 atsiimsiu parduotuv\u0117je pats. Kadangi \u0161i prek\u0117 yra sunkiasvor\u0117, pristatyti per kurjer\u012f negal\u0117sime. Susisiekite su mumis ir mes pasidalinsime m\u016bs\u0173 turimais patikim\u0173 ve\u017e\u0117j\u0173 kontaktais ar u\u017esakysime transportavimo paslaug\u0105 u\u017e jus. U\u017e transportavimo paslaugas atsiskaitysite tiesiogiai su perve\u017e\u0117jais arba per mus.<\/p>\n<p>&nbsp;<\/p>\n","protected":false},"featured_media":87292,"template":"","meta":[],"product_cat":[529],"product_tag":[],"acf":[],"_links":{"self":[{"href":"https:\/\/old.baliwood.lt\/en\/wp-json\/wp\/v2\/product\/87501"}],"collection":[{"href":"https:\/\/old.baliwood.lt\/en\/wp-json\/wp\/v2\/product"}],"about":[{"href":"https:\/\/old.baliwood.lt\/en\/wp-json\/wp\/v2\/types\/product"}],"wp:featuredmedia":[{"embeddable":true,"href":"https:\/\/old.baliwood.lt\/en\/wp-json\/wp\/v2\/media\/87292"}],"wp:attachment":[{"href":"https:\/\/old.baliwood.lt\/en\/wp-json\/wp\/v2\/media?parent=87501"}],"wp:term":[{"taxonomy":"product_cat","embeddable":true,"href":"https:\/\/old.baliwood.lt\/en\/wp-json\/wp\/v2\/product_cat?post=87501"},{"taxonomy":"product_tag","embeddable":true,"href":"https:\/\/old.baliwood.lt\/en\/wp-json\/wp\/v2\/product_tag?post=87501"}],"curies":[{"name":"wp","href":"https:\/\/api.w.org\/{rel}","templated":true}]}}