{"id":68744,"date":"2025-04-28T13:20:39","date_gmt":"2025-04-28T10:20:39","guid":{"rendered":"https:\/\/baliwood.lt\/?post_type=product&#038;p=68744"},"modified":"2025-06-27T11:17:51","modified_gmt":"2025-06-27T08:17:51","slug":"staliukas-is-glazuruoto-betono-preke-brokuota-2","status":"publish","type":"product","link":"https:\/\/old.baliwood.lt\/en\/product\/staliukas-is-glazuruoto-betono-preke-brokuota-2\/","title":{"rendered":"Staliukas i\u0161 glaz\u016bruoto betono (prek\u0117 brokuota)"},"content":{"rendered":"","protected":false},"excerpt":{"rendered":"<p>I\u0161matavimai: H46 L46 W46 cm<\/p>\n<p>Pirkdami \u0161i\u0105 prek\u0119 pasirinkite pristatym\u0105 \u2013 atsiimsiu parduotuv\u0117je pats. Kadangi \u0161i prek\u0117 yra sunkiasvor\u0117\/trapi, pristatyti per kurjer\u012f negal\u0117sime. Susisiekite su mumis ir mes pasidalinsime m\u016bs\u0173 turimais patikim\u0173 ve\u017e\u0117j\u0173 kontaktais ar u\u017esakysime transportavimo paslaug\u0105 u\u017e jus. U\u017e transportavimo paslaugas atsiskaitysite tiesiogiai su perve\u017e\u0117jais arba per mus.<\/p>\n<div>Nor\u0117dami u\u017esisakyti \u0161i\u0105 prek\u0119 ra\u0161ykite info@baliwood.lt arba skambinkite +37068699956, +37060649890.<\/div>\n","protected":false},"featured_media":84955,"template":"","meta":[],"product_cat":[496,461,497,445],"product_tag":[],"acf":[],"_links":{"self":[{"href":"https:\/\/old.baliwood.lt\/en\/wp-json\/wp\/v2\/product\/68744"}],"collection":[{"href":"https:\/\/old.baliwood.lt\/en\/wp-json\/wp\/v2\/product"}],"about":[{"href":"https:\/\/old.baliwood.lt\/en\/wp-json\/wp\/v2\/types\/product"}],"wp:featuredmedia":[{"embeddable":true,"href":"https:\/\/old.baliwood.lt\/en\/wp-json\/wp\/v2\/media\/84955"}],"wp:attachment":[{"href":"https:\/\/old.baliwood.lt\/en\/wp-json\/wp\/v2\/media?parent=68744"}],"wp:term":[{"taxonomy":"product_cat","embeddable":true,"href":"https:\/\/old.baliwood.lt\/en\/wp-json\/wp\/v2\/product_cat?post=68744"},{"taxonomy":"product_tag","embeddable":true,"href":"https:\/\/old.baliwood.lt\/en\/wp-json\/wp\/v2\/product_tag?post=68744"}],"curies":[{"name":"wp","href":"https:\/\/api.w.org\/{rel}","templated":true}]}}