{"id":52267,"date":"2019-08-16T19:01:57","date_gmt":"2019-08-16T16:01:57","guid":{"rendered":"https:\/\/baliwood.lt\/preke\/dvivietis-balietiskas-suolelis\/"},"modified":"2025-06-27T12:12:39","modified_gmt":"2025-06-27T09:12:39","slug":"balinese-chair","status":"publish","type":"product","link":"https:\/\/old.baliwood.lt\/en\/product\/balinese-chair\/","title":{"rendered":"Balinese chair"},"content":{"rendered":"","protected":false},"excerpt":{"rendered":"<p>The double balinese bench is an example of a tradition that blends perfectly with modern interiors.<\/p>\n<p>Dimensions: W25cm L120cm H58cm<\/p>\n<p>When buying this item, choose shipping &#8211; I will pick it up at the store myself.\u00a0 Because this item is heavy, we will not be able to deliver by courier.\u00a0 Contact us and we will share the contacts we have with reliable carriers or book a transportation service for you.\u00a0 You will pay for transportation services directly with carriers or through us.<\/p>\n<p>Tikmedis \u2013 itin patvari, atspari at\u0161iaurioms klimato s\u0105lygoms mediena, daugiausiai naudojama bald\u0173, laiv\u0173 deni\u0173 bei prabangi\u0173 nam\u0173 statybai. \u0160i kietmed\u017eio r\u016b\u0161is i\u0161auga net iki 20-30 metr\u0173 auk\u0161\u010dio. Tikmed\u017eio mediena \u2013 viena vertingiausi\u0173 pasaulyje: ji kieta, vidutinio tankumo, atspari kenk\u0117jams ir grybeliams, temperat\u016br\u0173 svyravimams bei dr\u0117gmei. Grub\u016bs ir nelyg\u016bs bald\u0173 bei interjero detali\u0173 i\u0161 tikmed\u017eio pavir\u0161iai suteikia interjerui gyvumo ir nat\u016bralumo.<\/p>\n","protected":false},"featured_media":57387,"template":"","meta":[],"product_cat":[516,520],"product_tag":[634,619,638,639,628,640,641,636],"acf":[],"_links":{"self":[{"href":"https:\/\/old.baliwood.lt\/en\/wp-json\/wp\/v2\/product\/52267"}],"collection":[{"href":"https:\/\/old.baliwood.lt\/en\/wp-json\/wp\/v2\/product"}],"about":[{"href":"https:\/\/old.baliwood.lt\/en\/wp-json\/wp\/v2\/types\/product"}],"wp:featuredmedia":[{"embeddable":true,"href":"https:\/\/old.baliwood.lt\/en\/wp-json\/wp\/v2\/media\/57387"}],"wp:attachment":[{"href":"https:\/\/old.baliwood.lt\/en\/wp-json\/wp\/v2\/media?parent=52267"}],"wp:term":[{"taxonomy":"product_cat","embeddable":true,"href":"https:\/\/old.baliwood.lt\/en\/wp-json\/wp\/v2\/product_cat?post=52267"},{"taxonomy":"product_tag","embeddable":true,"href":"https:\/\/old.baliwood.lt\/en\/wp-json\/wp\/v2\/product_tag?post=52267"}],"curies":[{"name":"wp","href":"https:\/\/api.w.org\/{rel}","templated":true}]}}