{"id":52234,"date":"2022-02-16T19:02:59","date_gmt":"2019-08-16T16:02:59","guid":{"rendered":"https:\/\/baliwood.lt\/preke\/praustuvas-is-lavos-akmens-su-skyle-maisytuvui\/"},"modified":"2025-06-27T11:25:11","modified_gmt":"2025-06-27T08:25:11","slug":"stone-sink-4","status":"publish","type":"product","link":"https:\/\/old.baliwood.lt\/en\/product\/stone-sink-4\/","title":{"rendered":"Stone sink"},"content":{"rendered":"","protected":false},"excerpt":{"rendered":"<p>With the hole for tap.<\/p>\n<p>Dimensions: W44 L57 H15 cm<\/p>\n<p>When buying this item, choose shipping &#8211; I will pick it up at the store myself.\u00a0 Because this item is heavy, we will not be able to deliver by courier.\u00a0 Contact us and we will share the contacts we have with reliable carriers or book a transportation service for you.\u00a0 You will pay for transportation services directly with carriers or through us.<\/p>\n<p>Kiekviena lavos akmens dirbinys yra unikalus \u2013 nor\u0117dami u\u017esisakyti \u0161i\u0105 prek\u0119 ra\u0161ykite info@baliwood.lt arba skambinkite +37068699956, +37060649890. Atsi\u0173sime visus galimus produkto variantus. Norime, kad i\u0161sirinktum\u0117te tinkamiausi\u0105 j\u016bs\u0173 interjerui.<\/p>\n","protected":false},"featured_media":81004,"template":"","meta":[],"product_cat":[528],"product_tag":[],"acf":[],"_links":{"self":[{"href":"https:\/\/old.baliwood.lt\/en\/wp-json\/wp\/v2\/product\/52234"}],"collection":[{"href":"https:\/\/old.baliwood.lt\/en\/wp-json\/wp\/v2\/product"}],"about":[{"href":"https:\/\/old.baliwood.lt\/en\/wp-json\/wp\/v2\/types\/product"}],"wp:featuredmedia":[{"embeddable":true,"href":"https:\/\/old.baliwood.lt\/en\/wp-json\/wp\/v2\/media\/81004"}],"wp:attachment":[{"href":"https:\/\/old.baliwood.lt\/en\/wp-json\/wp\/v2\/media?parent=52234"}],"wp:term":[{"taxonomy":"product_cat","embeddable":true,"href":"https:\/\/old.baliwood.lt\/en\/wp-json\/wp\/v2\/product_cat?post=52234"},{"taxonomy":"product_tag","embeddable":true,"href":"https:\/\/old.baliwood.lt\/en\/wp-json\/wp\/v2\/product_tag?post=52234"}],"curies":[{"name":"wp","href":"https:\/\/api.w.org\/{rel}","templated":true}]}}