{"id":51503,"date":"2022-05-27T11:51:40","date_gmt":"2019-08-16T16:19:40","guid":{"rendered":"https:\/\/baliwood.lt\/preke\/dekoratyvine-kauke-6\/"},"modified":"2025-06-27T11:24:36","modified_gmt":"2025-06-27T08:24:36","slug":"decoration-mask","status":"publish","type":"product","link":"https:\/\/old.baliwood.lt\/en\/product\/decoration-mask\/","title":{"rendered":"Decoration mask"},"content":{"rendered":"","protected":false},"excerpt":{"rendered":"<p>Dimensions<\/p>\n<p>To order this item please email info@baliwood.lt or call +37068699956, +37060649890.<\/p>\n<p>:\u00a0L100 W11cm<\/p>\n<p>Nor\u0117dami u\u017esisakyti \u0161i\u0105 prek\u0119 ra\u0161ykite info@baliwood.lt arba skambinkite +37068699956, +37060649890.<\/p>\n","protected":false},"featured_media":82330,"template":"","meta":[],"product_cat":[534,539],"product_tag":[],"acf":[],"_links":{"self":[{"href":"https:\/\/old.baliwood.lt\/en\/wp-json\/wp\/v2\/product\/51503"}],"collection":[{"href":"https:\/\/old.baliwood.lt\/en\/wp-json\/wp\/v2\/product"}],"about":[{"href":"https:\/\/old.baliwood.lt\/en\/wp-json\/wp\/v2\/types\/product"}],"wp:featuredmedia":[{"embeddable":true,"href":"https:\/\/old.baliwood.lt\/en\/wp-json\/wp\/v2\/media\/82330"}],"wp:attachment":[{"href":"https:\/\/old.baliwood.lt\/en\/wp-json\/wp\/v2\/media?parent=51503"}],"wp:term":[{"taxonomy":"product_cat","embeddable":true,"href":"https:\/\/old.baliwood.lt\/en\/wp-json\/wp\/v2\/product_cat?post=51503"},{"taxonomy":"product_tag","embeddable":true,"href":"https:\/\/old.baliwood.lt\/en\/wp-json\/wp\/v2\/product_tag?post=51503"}],"curies":[{"name":"wp","href":"https:\/\/api.w.org\/{rel}","templated":true}]}}