{"id":49173,"date":"2019-08-15T19:27:59","date_gmt":"2019-08-16T16:27:59","guid":{"rendered":"https:\/\/baliwood.lt\/parduotuve\/varinis-sviestuvo-gaubtas-19\/"},"modified":"2025-06-27T12:13:12","modified_gmt":"2025-06-27T09:13:12","slug":"copper-lamp-shade-2","status":"publish","type":"product","link":"https:\/\/old.baliwood.lt\/en\/product\/copper-lamp-shade-2\/","title":{"rendered":"Copper lamp shade"},"content":{"rendered":"<p>Nor\u0117dami u\u017esisakyti \u0161i\u0105 prek\u0119 ra\u0161ykite info@baliwood.lt arba skambinkite +37068699956, +37060649890<\/p>\n","protected":false},"excerpt":{"rendered":"<p>Dimensions: H42 D20 cm<\/p>\n<p>To order this item please email info@baliwood.lt or call +37068699956, +37060649890.<\/p>\n","protected":false},"featured_media":71377,"template":"","meta":[],"product_cat":[523,525],"product_tag":[],"acf":[],"_links":{"self":[{"href":"https:\/\/old.baliwood.lt\/en\/wp-json\/wp\/v2\/product\/49173"}],"collection":[{"href":"https:\/\/old.baliwood.lt\/en\/wp-json\/wp\/v2\/product"}],"about":[{"href":"https:\/\/old.baliwood.lt\/en\/wp-json\/wp\/v2\/types\/product"}],"wp:featuredmedia":[{"embeddable":true,"href":"https:\/\/old.baliwood.lt\/en\/wp-json\/wp\/v2\/media\/71377"}],"wp:attachment":[{"href":"https:\/\/old.baliwood.lt\/en\/wp-json\/wp\/v2\/media?parent=49173"}],"wp:term":[{"taxonomy":"product_cat","embeddable":true,"href":"https:\/\/old.baliwood.lt\/en\/wp-json\/wp\/v2\/product_cat?post=49173"},{"taxonomy":"product_tag","embeddable":true,"href":"https:\/\/old.baliwood.lt\/en\/wp-json\/wp\/v2\/product_tag?post=49173"}],"curies":[{"name":"wp","href":"https:\/\/api.w.org\/{rel}","templated":true}]}}