{"id":49096,"date":"2019-08-16T19:29:31","date_gmt":"2019-08-16T16:29:31","guid":{"rendered":"https:\/\/baliwood.lt\/parduotuve\/preke-ne-salone-333\/"},"modified":"2025-06-27T12:09:03","modified_gmt":"2025-06-27T09:09:03","slug":"pillow-cover-8","status":"publish","type":"product","link":"https:\/\/old.baliwood.lt\/en\/product\/pillow-cover-8\/","title":{"rendered":"Pillow cover"},"content":{"rendered":"","protected":false},"excerpt":{"rendered":"<p>Black and white cottoncushion cover.<\/p>\n<p>Dimensions:\u00a0 H47 L47cm<\/p>\n<p>Nor\u0117dami u\u017esisakyti \u0161i\u0105 prek\u0119 ra\u0161ykite info@baliwood.lt arba skambinkite +37068699956, +37060649890.<\/p>\n","protected":false},"featured_media":69849,"template":"","meta":[],"product_cat":[531],"product_tag":[561,562,563],"acf":[],"_links":{"self":[{"href":"https:\/\/old.baliwood.lt\/en\/wp-json\/wp\/v2\/product\/49096"}],"collection":[{"href":"https:\/\/old.baliwood.lt\/en\/wp-json\/wp\/v2\/product"}],"about":[{"href":"https:\/\/old.baliwood.lt\/en\/wp-json\/wp\/v2\/types\/product"}],"wp:featuredmedia":[{"embeddable":true,"href":"https:\/\/old.baliwood.lt\/en\/wp-json\/wp\/v2\/media\/69849"}],"wp:attachment":[{"href":"https:\/\/old.baliwood.lt\/en\/wp-json\/wp\/v2\/media?parent=49096"}],"wp:term":[{"taxonomy":"product_cat","embeddable":true,"href":"https:\/\/old.baliwood.lt\/en\/wp-json\/wp\/v2\/product_cat?post=49096"},{"taxonomy":"product_tag","embeddable":true,"href":"https:\/\/old.baliwood.lt\/en\/wp-json\/wp\/v2\/product_tag?post=49096"}],"curies":[{"name":"wp","href":"https:\/\/api.w.org\/{rel}","templated":true}]}}